{"id":25,"date":"2022-12-21T10:50:17","date_gmt":"2022-12-21T09:50:17","guid":{"rendered":"https:\/\/kratkipomostowe.pl\/?page_id=25"},"modified":"2022-12-21T11:04:30","modified_gmt":"2022-12-21T10:04:30","slug":"strona-glowna","status":"publish","type":"page","link":"https:\/\/kratkipomostowe.pl\/","title":{"rendered":"Strona g\u0142owna"},"content":{"rendered":"\n<div class=\"wp-block-ive-page-title\"><\/div>\n\n\n\n<div class=\"wp-block-cover alignfull is-light free-vw-mobile-app-banner\" style=\"min-height:500px;aspect-ratio:unset;\"><span aria-hidden=\"true\" class=\"wp-block-cover__background has-background-dim-0 has-background-dim\"><\/span><img decoding=\"async\" class=\"wp-block-cover__image-background wp-image-8954\" alt=\"\" src=\"https:\/\/vwthemesdemo.com\/ibtana_json\/free_theme\/vw_mobile_app\/images\/banner.png\" style=\"object-position:70% 64%\" data-object-fit=\"cover\" data-object-position=\"70% 64%\"\/><div class=\"wp-block-cover__inner-container is-layout-flow wp-block-cover-is-layout-flow\">\n<div class=\"wp-block-columns alignwide mx-lg-5 px-lg-5 mx-3 is-layout-flex wp-container-core-columns-is-layout-9d6595d7 wp-block-columns-is-layout-flex\">\n<div class=\"wp-block-column is-vertically-aligned-center ps-lg-4 is-layout-flow wp-block-column-is-layout-flow\" style=\"flex-basis:45%\">\n<div class=\"wp-block-ive-ibtana-visual-editorheading\"><div class=\"ive-advanced-text-wrap ive-div-advance-text_d6df92-79 undefined text-start text-md-start text-lg-start text-xl-start\"><h4 class=\"ive-heading-parent undefined ive-advanced-text-inner-wrap ive-adv-advance-text_d6df92-79 ive-lh-xs-30 ive-lh-sm-30 ive-lh-md-30 ive-lh-lg-30 ive-lh-xl-30\" id=\"ive-adv-advance-text_d6df92-79\">Kratki pomostowe WEMA<\/h4><\/div><\/div>\n\n\n\n<div class=\"wp-block-ive-ibtana-visual-editorheading\"><div class=\"ive-advanced-text-wrap ive-div-advance-text_a050a3-ce undefined text-start text-md-start text-lg-start text-xl-start\"><h1 class=\"ive-heading-parent undefined ive-advanced-text-inner-wrap ive-adv-advance-text_a050a3-ce ive-lh-xs-30 ive-lh-sm-30 ive-lh-md-30 ive-lh-lg-30 ive-lh-xl-30\" id=\"ive-adv-advance-text_a050a3-ce\">Zam\u00f3w online!<\/h1><\/div><\/div>\n\n\n\n<div class=\"wp-block-ive-ibtana-visual-editorheading\"><div class=\"ive-advanced-text-wrap ive-div-advance-text_63cb48-02 undefined text-start text-md-start text-lg-start text-xl-start\"><p class=\"ive-heading-parent undefined ive-advanced-text-inner-wrap ive-adv-advance-text_63cb48-02 ive-lh-xs-30 ive-lh-sm-30 ive-lh-md-30 ive-lh-lg-30 ive-lh-xl-30\" id=\"ive-adv-advance-text_63cb48-02\">Zam\u00f3w kraty pomostowe WEMA ocynkowane z dostaw\u0105 do domu ju\u017c nast\u0119pnego dnia!<\/p><\/div><\/div>\n\n\n\n<div class=\"wp-block-ive-ibtana-visual-editorbtn btn-inner-wrap ive-btn-main-parent_372232-95\"><div class=\"ive-btn-wrap ive-btn-unique_372232-95 undefined ive-btn-wrap-0 ive-btn-align  text-center text-sm-center text-lg-end text-xl-end \"><a class=\"anchrstyle ive-button-ad_372232-95 ive-button-0 ive-btn-0-action ive-btn-svg-showalways ive-btn-has-text-true\" href=\"#\" target=\"_self\" rel=\"noreferrer noopener\"><span class=\"ive-btn-inner-text\">Z\u0142\u00f3\u017c zam\u00f3wienie teraz!<div class=\"ive-right-icon-parent ive-button-icon-padding0\"><i class=\"fas fa-shopping-basket\"><\/i><\/div><\/span><\/a><\/div><\/div>\n<\/div>\n\n\n\n<div class=\"wp-block-column is-layout-flow wp-block-column-is-layout-flow\"><\/div>\n<\/div>\n<\/div><\/div>\n\n\n\n<div class=\"wp-block-group free-vw-mobile-app-about py-5\"><div class=\"wp-block-group__inner-container is-layout-flow wp-block-group-is-layout-flow\">\n<div class=\"wp-block-ive-ibtana-visual-editorheading\"><div class=\"ive-advanced-text-wrap ive-div-advance-text_bff3bd-87 undefined text-center text-md-center text-lg-center text-xl-center\"><h2 class=\"ive-heading-parent undefined ive-advanced-text-inner-wrap ive-adv-advance-text_bff3bd-87 ive-lh-xs-30 ive-lh-sm-30 ive-lh-md-30 ive-lh-lg-30 ive-lh-xl-30\" id=\"ive-adv-advance-text_bff3bd-87\">O nas<\/h2><\/div><\/div>\n\n\n\n<div class=\"wp-block-columns free-vw-mobile-app-content is-layout-flex wp-container-core-columns-is-layout-9d6595d7 wp-block-columns-is-layout-flex\">\n<div class=\"wp-block-column is-layout-flow wp-block-column-is-layout-flow\" style=\"flex-basis:25%\"><\/div>\n\n\n\n<div class=\"wp-block-column is-layout-flow wp-block-column-is-layout-flow\" style=\"flex-basis:50%\">\n<div class=\"wp-block-ive-ibtana-visual-editorheading\"><div class=\"ive-advanced-text-wrap ive-div-advance-text_632d72-76 undefined text-center text-md-center text-lg-center text-xl-center\"><p class=\"ive-heading-parent undefined ive-advanced-text-inner-wrap ive-adv-advance-text_632d72-76 ive-lh-xs-30 ive-lh-sm-30 ive-lh-md-30 ive-lh-lg-30 ive-lh-xl-30\" id=\"ive-adv-advance-text_632d72-76\">Sklep kratkipomostowe.pl zajmuje si\u0119 sprzeda\u017c\u0105 krat pomostowych WEMA ocynkowanych z dostaw\u0105 do klienta<\/p><\/div><\/div>\n<\/div>\n\n\n\n<div class=\"wp-block-column is-layout-flow wp-block-column-is-layout-flow\" style=\"flex-basis:25%\"><\/div>\n<\/div>\n\n\n\n<div class=\"wp-block-columns free-vw-mobile-app-boxes m-0 px-4 is-layout-flex wp-container-core-columns-is-layout-9d6595d7 wp-block-columns-is-layout-flex\">\n<div class=\"wp-block-column free-vw-mobile-app-abt-box p-3 is-layout-flow wp-block-column-is-layout-flow\">\n<div class=\"wp-block-ive-icon ive-svg-icons-block ive-svg-icons_f779ee-23  justify-content-xl-center justify-content-lg-center justify-content-sm-center justify-content-center mb-3\"><div class=\"ive-svg-style-default ive-svg-icon-wrap ive-svg-item-0 ive-svg-icon-margin\"><a href=\"\" target=\"_self\" rel=\"noopener\"><div class=\"ive-svg-icon-link ive_icon_main_parent ive_icon_parent_icon_padding0\" target=\"_self\"><i class=\"ive_icon_parent0 fas fa-home ive_icon_parent_icon_size0\"><\/i><\/div><\/a><\/div><\/div>\n\n\n\n<div class=\"wp-block-ive-ibtana-visual-editorheading\"><div class=\"ive-advanced-text-wrap ive-div-advance-text_4d3e38-e0 undefined text-center text-md-center text-lg-center text-xl-center\"><h3 class=\"ive-heading-parent undefined ive-advanced-text-inner-wrap ive-adv-advance-text_4d3e38-e0 ive-lh-xs-30 ive-lh-sm-30 ive-lh-md-30 ive-lh-lg-30 ive-lh-xl-30\" id=\"ive-adv-advance-text_4d3e38-e0\">ABOUT US TITLE 1<\/h3><\/div><\/div>\n\n\n\n<div class=\"wp-block-ive-ibtana-visual-editorheading\"><div class=\"ive-advanced-text-wrap ive-div-advance-text_08b06e-01 undefined text-center text-md-center text-lg-center text-xl-center\"><p class=\"ive-heading-parent undefined ive-advanced-text-inner-wrap ive-adv-advance-text_08b06e-01 ive-lh-xs-30 ive-lh-sm-30 ive-lh-md-30 ive-lh-lg-30 ive-lh-xl-30\" id=\"ive-adv-advance-text_08b06e-01\">Lorem Ipsum has been the industrys standard. Lorem Ipsum has been the industrys<\/p><\/div><\/div>\n<\/div>\n\n\n\n<div class=\"wp-block-column free-vw-mobile-app-abt-box p-3 is-layout-flow wp-block-column-is-layout-flow\">\n<div class=\"wp-block-ive-icon ive-svg-icons-block ive-svg-icons_5cadef-81  justify-content-xl-center justify-content-lg-center justify-content-sm-center justify-content-center mb-3\"><div class=\"ive-svg-style-default ive-svg-icon-wrap ive-svg-item-0 ive-svg-icon-margin\"><a href=\"\" target=\"_self\" rel=\"noopener\"><div class=\"ive-svg-icon-link ive_icon_main_parent ive_icon_parent_icon_padding0\" target=\"_self\"><i class=\"ive_icon_parent0 fas fa-life-ring ive_icon_parent_icon_size0\"><\/i><\/div><\/a><\/div><\/div>\n\n\n\n<div class=\"wp-block-ive-ibtana-visual-editorheading\"><div class=\"ive-advanced-text-wrap ive-div-advance-text_b39cd6-51 undefined text-center text-md-center text-lg-center text-xl-center\"><h3 class=\"ive-heading-parent undefined ive-advanced-text-inner-wrap ive-adv-advance-text_b39cd6-51 ive-lh-xs-30 ive-lh-sm-30 ive-lh-md-30 ive-lh-lg-30 ive-lh-xl-30\" id=\"ive-adv-advance-text_b39cd6-51\">ABOUT US TITLE 2<\/h3><\/div><\/div>\n\n\n\n<div class=\"wp-block-ive-ibtana-visual-editorheading\"><div class=\"ive-advanced-text-wrap ive-div-advance-text_d1ba6a-97 undefined text-center text-md-center text-lg-center text-xl-center\"><p class=\"ive-heading-parent undefined ive-advanced-text-inner-wrap ive-adv-advance-text_d1ba6a-97 ive-lh-xs-30 ive-lh-sm-30 ive-lh-md-30 ive-lh-lg-30 ive-lh-xl-30\" id=\"ive-adv-advance-text_d1ba6a-97\">Lorem Ipsum has been the industrys standard. Lorem Ipsum has been the industrys<\/p><\/div><\/div>\n<\/div>\n\n\n\n<div class=\"wp-block-column free-vw-mobile-app-abt-box p-3 is-layout-flow wp-block-column-is-layout-flow\">\n<div class=\"wp-block-ive-icon ive-svg-icons-block ive-svg-icons_49bb18-dc  justify-content-xl-center justify-content-lg-center justify-content-sm-center justify-content-center mb-3\"><div class=\"ive-svg-style-default ive-svg-icon-wrap ive-svg-item-0 ive-svg-icon-margin\"><a href=\"\" target=\"_self\" rel=\"noopener\"><div class=\"ive-svg-icon-link ive_icon_main_parent ive_icon_parent_icon_padding0\" target=\"_self\"><i class=\"ive_icon_parent0 fas fa-user-lock ive_icon_parent_icon_size0\"><\/i><\/div><\/a><\/div><\/div>\n\n\n\n<div class=\"wp-block-ive-ibtana-visual-editorheading\"><div class=\"ive-advanced-text-wrap ive-div-advance-text_085654-7e undefined text-center text-md-center text-lg-center text-xl-center\"><h3 class=\"ive-heading-parent undefined ive-advanced-text-inner-wrap ive-adv-advance-text_085654-7e ive-lh-xs-30 ive-lh-sm-30 ive-lh-md-30 ive-lh-lg-30 ive-lh-xl-30\" id=\"ive-adv-advance-text_085654-7e\">ABOUT US TITLE 3<\/h3><\/div><\/div>\n\n\n\n<div class=\"wp-block-ive-ibtana-visual-editorheading\"><div class=\"ive-advanced-text-wrap ive-div-advance-text_cb7815-7e undefined text-center text-md-center text-lg-center text-xl-center\"><p class=\"ive-heading-parent undefined ive-advanced-text-inner-wrap ive-adv-advance-text_cb7815-7e ive-lh-xs-30 ive-lh-sm-30 ive-lh-md-30 ive-lh-lg-30 ive-lh-xl-30\" id=\"ive-adv-advance-text_cb7815-7e\">Lorem Ipsum has been the industrys standard. Lorem Ipsum has been the industrys<\/p><\/div><\/div>\n<\/div>\n<\/div>\n<\/div><\/div>\n\n\n<div data-block-name=\"woocommerce\/all-products\" data-columns=\"3\" data-rows=\"3\" data-align-buttons=\"false\" data-content-visibility=\"{&quot;orderBy&quot;:true}\" data-orderby=\"menu_order\" data-layout-config=\"[[&quot;woocommerce\\\/product-image&quot;,{&quot;imageSizing&quot;:&quot;cropped&quot;}],[&quot;woocommerce\\\/product-title&quot;],[&quot;woocommerce\\\/product-price&quot;],[&quot;woocommerce\\\/product-rating&quot;],[&quot;woocommerce\\\/product-button&quot;]]\" class=\"wp-block-woocommerce-all-products wc-block-all-products\" data-attributes=\"{&quot;alignButtons&quot;:false,&quot;columns&quot;:3,&quot;contentVisibility&quot;:{&quot;orderBy&quot;:true},&quot;isPreview&quot;:false,&quot;layoutConfig&quot;:[[&quot;woocommerce\/product-image&quot;,{&quot;imageSizing&quot;:&quot;cropped&quot;}],[&quot;woocommerce\/product-title&quot;],[&quot;woocommerce\/product-price&quot;],[&quot;woocommerce\/product-rating&quot;],[&quot;woocommerce\/product-button&quot;]],&quot;orderby&quot;:&quot;menu_order&quot;,&quot;rows&quot;:3}\"><div data-block-name=\"woocommerce\/product-image\" data-image-sizing=\"cropped\" class=\"is-loading\"><\/div>\n\n<div data-block-name=\"woocommerce\/product-title\" class=\"wp-block-woocommerce-product-title is-loading\"><\/div>\n\n<div data-block-name=\"woocommerce\/product-price\" class=\"is-loading\"><\/div>\n\n<div data-block-name=\"woocommerce\/product-rating\" class=\"wp-block-woocommerce-product-rating is-loading\"><\/div>\n\n<div data-block-name=\"woocommerce\/product-button\" class=\"is-loading\"><\/div><\/div>\n\n<div data-block-name=\"woocommerce\/checkout\" class=\"wp-block-woocommerce-checkout wc-block-checkout is-loading\"><div data-block-name=\"woocommerce\/checkout-fields-block\" class=\"wp-block-woocommerce-checkout-fields-block\"><div data-block-name=\"woocommerce\/checkout-express-payment-block\" class=\"wp-block-woocommerce-checkout-express-payment-block\"><\/div>\n\n<div data-block-name=\"woocommerce\/checkout-contact-information-block\" class=\"wp-block-woocommerce-checkout-contact-information-block\"><\/div>\n\n<div data-block-name=\"woocommerce\/checkout-shipping-address-block\" class=\"wp-block-woocommerce-checkout-shipping-address-block\"><\/div>\n\n<div data-block-name=\"woocommerce\/checkout-billing-address-block\" class=\"wp-block-woocommerce-checkout-billing-address-block\"><\/div>\n\n<div data-block-name=\"woocommerce\/checkout-shipping-methods-block\" class=\"wp-block-woocommerce-checkout-shipping-methods-block\"><\/div>\n\n<div data-block-name=\"woocommerce\/checkout-payment-block\" class=\"wp-block-woocommerce-checkout-payment-block\"><\/div>\n\n<div data-block-name=\"woocommerce\/checkout-order-note-block\" class=\"wp-block-woocommerce-checkout-order-note-block\"><\/div>\n\n<div data-block-name=\"woocommerce\/checkout-terms-block\" class=\"wp-block-woocommerce-checkout-terms-block\"><\/div>\n\n<div data-block-name=\"woocommerce\/checkout-actions-block\" class=\"wp-block-woocommerce-checkout-actions-block\"><\/div><\/div>\n\n<div data-block-name=\"woocommerce\/checkout-totals-block\" class=\"wp-block-woocommerce-checkout-totals-block\"><div data-block-name=\"woocommerce\/checkout-order-summary-block\" class=\"wp-block-woocommerce-checkout-order-summary-block\"><div data-block-name=\"woocommerce\/checkout-order-summary-cart-items-block\" class=\"wp-block-woocommerce-checkout-order-summary-cart-items-block\"><\/div>\n\n<div data-block-name=\"woocommerce\/checkout-order-summary-subtotal-block\" class=\"wp-block-woocommerce-checkout-order-summary-subtotal-block\"><\/div>\n\n<div data-block-name=\"woocommerce\/checkout-order-summary-fee-block\" class=\"wp-block-woocommerce-checkout-order-summary-fee-block\"><\/div>\n\n<div data-block-name=\"woocommerce\/checkout-order-summary-discount-block\" class=\"wp-block-woocommerce-checkout-order-summary-discount-block\"><\/div>\n\n<div data-block-name=\"woocommerce\/checkout-order-summary-coupon-form-block\" class=\"wp-block-woocommerce-checkout-order-summary-coupon-form-block\"><\/div>\n\n<div data-block-name=\"woocommerce\/checkout-order-summary-shipping-block\" class=\"wp-block-woocommerce-checkout-order-summary-shipping-block\"><\/div>\n\n<div data-block-name=\"woocommerce\/checkout-order-summary-taxes-block\" class=\"wp-block-woocommerce-checkout-order-summary-taxes-block\"><\/div><\/div><\/div><\/div>","protected":false},"excerpt":{"rendered":"","protected":false},"author":1,"featured_media":0,"parent":0,"menu_order":0,"comment_status":"closed","ping_status":"closed","template":"page-template\/ibtana-page-template.php","meta":{"_regular_price":[],"currency_symbol":[],"footnotes":""},"class_list":["post-25","page","type-page","status-publish","hentry"],"post_slider_layout_featured_media_urls":{"thumbnail":"","post_slider_layout_landscape_large":"","post_slider_layout_portrait_large":"","post_slider_layout_square_large":"","post_slider_layout_landscape":"","post_slider_layout_portrait":"","post_slider_layout_square":"","full":""},"_links":{"self":[{"href":"https:\/\/kratkipomostowe.pl\/index.php\/wp-json\/wp\/v2\/pages\/25","targetHints":{"allow":["GET"]}}],"collection":[{"href":"https:\/\/kratkipomostowe.pl\/index.php\/wp-json\/wp\/v2\/pages"}],"about":[{"href":"https:\/\/kratkipomostowe.pl\/index.php\/wp-json\/wp\/v2\/types\/page"}],"author":[{"embeddable":true,"href":"https:\/\/kratkipomostowe.pl\/index.php\/wp-json\/wp\/v2\/users\/1"}],"replies":[{"embeddable":true,"href":"https:\/\/kratkipomostowe.pl\/index.php\/wp-json\/wp\/v2\/comments?post=25"}],"version-history":[{"count":12,"href":"https:\/\/kratkipomostowe.pl\/index.php\/wp-json\/wp\/v2\/pages\/25\/revisions"}],"predecessor-version":[{"id":37,"href":"https:\/\/kratkipomostowe.pl\/index.php\/wp-json\/wp\/v2\/pages\/25\/revisions\/37"}],"wp:attachment":[{"href":"https:\/\/kratkipomostowe.pl\/index.php\/wp-json\/wp\/v2\/media?parent=25"}],"curies":[{"name":"wp","href":"https:\/\/api.w.org\/{rel}","templated":true}]}}